{"id":1252,"date":"2023-09-26T18:07:54","date_gmt":"2023-09-26T18:07:54","guid":{"rendered":"https:\/\/mindcast.com.br\/?page_id=1252"},"modified":"2023-10-27T14:20:48","modified_gmt":"2023-10-27T14:20:48","slug":"contato","status":"publish","type":"page","link":"https:\/\/mindcast.com.br\/en\/contato\/","title":{"rendered":"Contact"},"content":{"rendered":"\t\t<div data-elementor-type=\"wp-page\" data-elementor-id=\"1252\" class=\"elementor elementor-1252\" data-elementor-post-type=\"page\">\n\t\t\t\t<div class=\"elementor-element elementor-element-d14c8d5 elementor-hidden-tablet elementor-hidden-mobile e-flex e-con-boxed e-con e-parent\" data-id=\"d14c8d5\" data-element_type=\"container\" data-e-type=\"container\" data-settings=\"{&quot;background_background&quot;:&quot;gradient&quot;,&quot;jet_parallax_layout_list&quot;:[]}\">\n\t\t\t\t\t<div class=\"e-con-inner\">\n\t\t<div class=\"elementor-element elementor-element-d8b7c32 e-flex e-con-boxed e-con e-child\" data-id=\"d8b7c32\" data-element_type=\"container\" data-e-type=\"container\" data-settings=\"{&quot;jet_parallax_layout_list&quot;:[]}\">\n\t\t\t\t\t<div class=\"e-con-inner\">\n\t\t<div class=\"elementor-element elementor-element-505fd13 e-con-full e-flex e-con e-child\" data-id=\"505fd13\" data-element_type=\"container\" data-e-type=\"container\" data-settings=\"{&quot;jet_parallax_layout_list&quot;:[]}\">\n\t\t\t\t<div class=\"elementor-element elementor-element-1888b5a elementor-widget elementor-widget-image\" data-id=\"1888b5a\" data-element_type=\"widget\" data-e-type=\"widget\" data-widget_type=\"image.default\">\n\t\t\t\t<div class=\"elementor-widget-container\">\n\t\t\t\t\t\t\t\t\t\t\t\t\t\t\t\t<a href=\"https:\/\/mindcast.com.br\/en\">\n\t\t\t\t\t\t\t<img decoding=\"async\" width=\"256\" height=\"143\" src=\"https:\/\/mindcast.com.br\/wp-content\/uploads\/2023\/10\/MPeople.svg\" class=\"attachment-full size-full wp-image-3276\" alt=\"MPeople\" \/>\t\t\t\t\t\t\t\t<\/a>\n\t\t\t\t\t\t\t\t\t\t\t\t\t\t\t<\/div>\n\t\t\t\t<\/div>\n\t\t\t\t<\/div>\n\t\t<div class=\"elementor-element elementor-element-b53520a e-flex e-con-boxed e-con e-child\" data-id=\"b53520a\" data-element_type=\"container\" data-e-type=\"container\" data-settings=\"{&quot;jet_parallax_layout_list&quot;:[]}\">\n\t\t\t\t\t<div class=\"e-con-inner\">\n\t\t\t\t<div class=\"elementor-element elementor-element-7238314 elementor-widget elementor-widget-image\" data-id=\"7238314\" data-element_type=\"widget\" data-e-type=\"widget\" data-widget_type=\"image.default\">\n\t\t\t\t<div class=\"elementor-widget-container\">\n\t\t\t\t\t\t\t\t\t\t\t\t\t\t\t\t<a href=\"https:\/\/mindcast.com.br\/en\">\n\t\t\t\t\t\t\t<img decoding=\"async\" width=\"128\" height=\"23\" src=\"https:\/\/mindcast.com.br\/wp-content\/uploads\/2023\/10\/mindlogo.svg\" class=\"attachment-full size-full wp-image-3514\" alt=\"mindlogo\" \/>\t\t\t\t\t\t\t\t<\/a>\n\t\t\t\t\t\t\t\t\t\t\t\t\t\t\t<\/div>\n\t\t\t\t<\/div>\n\t\t\t\t<div class=\"elementor-element elementor-element-1e19e96 elementor-hidden-tablet elementor-hidden-mobile elementor-widget elementor-widget-text-editor\" data-id=\"1e19e96\" data-element_type=\"widget\" data-e-type=\"widget\" data-widget_type=\"text-editor.default\">\n\t\t\t\t<div class=\"elementor-widget-container\">\n\t\t\t\t\t\t\t\t\t<p>Entre em contato com a gente! Responderemos o mais r\u00e1pido poss\u00edvel. Utilize o link abaixo. Nosso expediente \u00e9 de <strong>segunda a sexta das 8h \u00e0s 17h.<\/strong><\/p>\t\t\t\t\t\t\t\t<\/div>\n\t\t\t\t<\/div>\n\t\t\t\t<div class=\"elementor-element elementor-element-07e03f9 elementor-mobile-align-justify elementor-widget__width-auto elementor-align-left mindbutton elementor-widget elementor-widget-button\" data-id=\"07e03f9\" data-element_type=\"widget\" data-e-type=\"widget\" data-widget_type=\"button.default\">\n\t\t\t\t<div class=\"elementor-widget-container\">\n\t\t\t\t\t\t\t\t\t<div class=\"elementor-button-wrapper\">\n\t\t\t\t\t<a class=\"elementor-button elementor-button-link elementor-size-lg\" href=\"mailto:contato@mindcast.com.br\" target=\"_blank\">\n\t\t\t\t\t\t<span class=\"elementor-button-content-wrapper\">\n\t\t\t\t\t\t<span class=\"elementor-button-icon\">\n\t\t\t\t<i aria-hidden=\"true\" class=\"iconmindcastset- icon-mindcastset-email\"><\/i>\t\t\t<\/span>\n\t\t\t\t\t\t\t\t\t<span class=\"elementor-button-text\">contato@mindcast.com.br<\/span>\n\t\t\t\t\t<\/span>\n\t\t\t\t\t<\/a>\n\t\t\t\t<\/div>\n\t\t\t\t\t\t\t\t<\/div>\n\t\t\t\t<\/div>\n\t\t\t\t<div class=\"elementor-element elementor-element-329b812 elementor-icon-list--layout-traditional elementor-list-item-link-full_width elementor-widget elementor-widget-icon-list\" data-id=\"329b812\" data-element_type=\"widget\" data-e-type=\"widget\" data-widget_type=\"icon-list.default\">\n\t\t\t\t<div class=\"elementor-widget-container\">\n\t\t\t\t\t\t\t<ul class=\"elementor-icon-list-items\">\n\t\t\t\t\t\t\t<li class=\"elementor-icon-list-item\">\n\t\t\t\t\t\t\t\t\t\t\t<a href=\"https:\/\/mindcast.com.br\/en\/\">\n\n\t\t\t\t\t\t\t\t\t\t\t\t<span class=\"elementor-icon-list-icon\">\n\t\t\t\t\t\t\t<i aria-hidden=\"true\" class=\"iconmindcastset- icon-mindcastset-arrowleft\"><\/i>\t\t\t\t\t\t<\/span>\n\t\t\t\t\t\t\t\t\t\t<span class=\"elementor-icon-list-text\">Voltar para a <b>Home.<\/b><\/span>\n\t\t\t\t\t\t\t\t\t\t\t<\/a>\n\t\t\t\t\t\t\t\t\t<\/li>\n\t\t\t\t\t\t<\/ul>\n\t\t\t\t\t\t<\/div>\n\t\t\t\t<\/div>\n\t\t\t\t\t<\/div>\n\t\t\t\t<\/div>\n\t\t\t\t\t<\/div>\n\t\t\t\t<\/div>\n\t\t\t\t<div class=\"elementor-element elementor-element-3f21bb8 elementor-widget elementor-widget-heading\" data-id=\"3f21bb8\" data-element_type=\"widget\" data-e-type=\"widget\" data-widget_type=\"heading.default\">\n\t\t\t\t<div class=\"elementor-widget-container\">\n\t\t\t\t\t<h2 class=\"elementor-heading-title elementor-size-default\">\u00a9 2023 Ag\u00eancia <b>MindCast.<\/b><\/h2>\t\t\t\t<\/div>\n\t\t\t\t<\/div>\n\t\t\t\t<div class=\"elementor-element elementor-element-3645e3e elementor-icon-list--layout-inline elementor-list-item-link-inline elementor-align-start elementor-widget elementor-widget-icon-list\" data-id=\"3645e3e\" data-element_type=\"widget\" data-e-type=\"widget\" data-widget_type=\"icon-list.default\">\n\t\t\t\t<div class=\"elementor-widget-container\">\n\t\t\t\t\t\t\t<ul class=\"elementor-icon-list-items elementor-inline-items\">\n\t\t\t\t\t\t\t<li class=\"elementor-icon-list-item elementor-inline-item\">\n\t\t\t\t\t\t\t\t\t\t\t<a href=\"https:\/\/www.facebook.com\/agenciamindcast\" target=\"_blank\">\n\n\t\t\t\t\t\t\t\t\t\t\t\t<span class=\"elementor-icon-list-icon\">\n\t\t\t\t\t\t\t<i aria-hidden=\"true\" class=\"iconmindcastset- icon-mindcastset-facebook\"><\/i>\t\t\t\t\t\t<\/span>\n\t\t\t\t\t\t\t\t\t\t<span class=\"elementor-icon-list-text\"><\/span>\n\t\t\t\t\t\t\t\t\t\t\t<\/a>\n\t\t\t\t\t\t\t\t\t<\/li>\n\t\t\t\t\t\t\t\t<li class=\"elementor-icon-list-item elementor-inline-item\">\n\t\t\t\t\t\t\t\t\t\t\t<a href=\"https:\/\/www.instagram.com\/agenciamindcast\" target=\"_blank\">\n\n\t\t\t\t\t\t\t\t\t\t\t\t<span class=\"elementor-icon-list-icon\">\n\t\t\t\t\t\t\t<i aria-hidden=\"true\" class=\"iconmindcastset- icon-mindcastset-instagram\"><\/i>\t\t\t\t\t\t<\/span>\n\t\t\t\t\t\t\t\t\t\t<span class=\"elementor-icon-list-text\"><\/span>\n\t\t\t\t\t\t\t\t\t\t\t<\/a>\n\t\t\t\t\t\t\t\t\t<\/li>\n\t\t\t\t\t\t\t\t<li class=\"elementor-icon-list-item elementor-inline-item\">\n\t\t\t\t\t\t\t\t\t\t\t<a href=\"https:\/\/www.linkedin.com\/company\/mindcastagency\" target=\"_blank\">\n\n\t\t\t\t\t\t\t\t\t\t\t\t<span class=\"elementor-icon-list-icon\">\n\t\t\t\t\t\t\t<i aria-hidden=\"true\" class=\"iconmindcastset- icon-mindcastset-linkedin\"><\/i>\t\t\t\t\t\t<\/span>\n\t\t\t\t\t\t\t\t\t\t<span class=\"elementor-icon-list-text\"><\/span>\n\t\t\t\t\t\t\t\t\t\t\t<\/a>\n\t\t\t\t\t\t\t\t\t<\/li>\n\t\t\t\t\t\t<\/ul>\n\t\t\t\t\t\t<\/div>\n\t\t\t\t<\/div>\n\t\t\t\t<div class=\"elementor-element elementor-element-62f7061 elementor-widget__width-auto elementor-fixed e-transform elementor-hidden-tablet elementor-hidden-mobile elementor-widget elementor-widget-heading\" data-id=\"62f7061\" data-element_type=\"widget\" data-e-type=\"widget\" data-settings=\"{&quot;_position&quot;:&quot;fixed&quot;,&quot;motion_fx_motion_fx_scrolling&quot;:&quot;yes&quot;,&quot;motion_fx_opacity_effect&quot;:&quot;yes&quot;,&quot;motion_fx_opacity_direction&quot;:&quot;in-out&quot;,&quot;motion_fx_range&quot;:&quot;page&quot;,&quot;_transform_rotateZ_effect&quot;:{&quot;unit&quot;:&quot;px&quot;,&quot;size&quot;:270,&quot;sizes&quot;:[]},&quot;motion_fx_opacity_level&quot;:{&quot;unit&quot;:&quot;px&quot;,&quot;size&quot;:10,&quot;sizes&quot;:[]},&quot;motion_fx_opacity_range&quot;:{&quot;unit&quot;:&quot;%&quot;,&quot;size&quot;:&quot;&quot;,&quot;sizes&quot;:{&quot;start&quot;:20,&quot;end&quot;:80}},&quot;motion_fx_devices&quot;:[&quot;desktop&quot;,&quot;tablet&quot;,&quot;mobile&quot;],&quot;_transform_rotateZ_effect_tablet&quot;:{&quot;unit&quot;:&quot;deg&quot;,&quot;size&quot;:&quot;&quot;,&quot;sizes&quot;:[]},&quot;_transform_rotateZ_effect_mobile&quot;:{&quot;unit&quot;:&quot;deg&quot;,&quot;size&quot;:&quot;&quot;,&quot;sizes&quot;:[]}}\" data-widget_type=\"heading.default\">\n\t\t\t\t<div class=\"elementor-widget-container\">\n\t\t\t\t\t<h2 class=\"elementor-heading-title elementor-size-default\">Contato.<\/h2>\t\t\t\t<\/div>\n\t\t\t\t<\/div>\n\t\t\t\t\t<\/div>\n\t\t\t\t<\/div>\n\t\t<div class=\"elementor-element elementor-element-1302758 elementor-hidden-desktop elementor-hidden-tablet e-flex e-con-boxed e-con e-parent\" data-id=\"1302758\" data-element_type=\"container\" data-e-type=\"container\" data-settings=\"{&quot;background_background&quot;:&quot;gradient&quot;,&quot;jet_parallax_layout_list&quot;:[]}\">\n\t\t\t\t\t<div class=\"e-con-inner\">\n\t\t<div class=\"elementor-element elementor-element-1df488b e-flex e-con-boxed e-con e-child\" data-id=\"1df488b\" data-element_type=\"container\" data-e-type=\"container\" data-settings=\"{&quot;jet_parallax_layout_list&quot;:[]}\">\n\t\t\t\t\t<div class=\"e-con-inner\">\n\t\t\t\t<div class=\"elementor-element elementor-element-74cea6f elementor-widget elementor-widget-image\" data-id=\"74cea6f\" data-element_type=\"widget\" data-e-type=\"widget\" data-widget_type=\"image.default\">\n\t\t\t\t<div class=\"elementor-widget-container\">\n\t\t\t\t\t\t\t\t\t\t\t\t\t\t\t\t<a href=\"https:\/\/mindcast.com.br\/en\">\n\t\t\t\t\t\t\t<img decoding=\"async\" width=\"256\" height=\"143\" src=\"https:\/\/mindcast.com.br\/wp-content\/uploads\/2023\/10\/MPeople.svg\" class=\"attachment-full size-full wp-image-3276\" alt=\"MPeople\" \/>\t\t\t\t\t\t\t\t<\/a>\n\t\t\t\t\t\t\t\t\t\t\t\t\t\t\t<\/div>\n\t\t\t\t<\/div>\n\t\t\t\t<div class=\"elementor-element elementor-element-3fef10a elementor-widget elementor-widget-image\" data-id=\"3fef10a\" data-element_type=\"widget\" data-e-type=\"widget\" data-widget_type=\"image.default\">\n\t\t\t\t<div class=\"elementor-widget-container\">\n\t\t\t\t\t\t\t\t\t\t\t\t\t\t\t\t<a href=\"https:\/\/mindcast.com.br\/en\">\n\t\t\t\t\t\t\t<img decoding=\"async\" width=\"128\" height=\"23\" src=\"https:\/\/mindcast.com.br\/wp-content\/uploads\/2023\/10\/mindlogo.svg\" class=\"attachment-full size-full wp-image-3514\" alt=\"mindlogo\" \/>\t\t\t\t\t\t\t\t<\/a>\n\t\t\t\t\t\t\t\t\t\t\t\t\t\t\t<\/div>\n\t\t\t\t<\/div>\n\t\t\t\t<div class=\"elementor-element elementor-element-1446d6b elementor-widget elementor-widget-text-editor\" data-id=\"1446d6b\" data-element_type=\"widget\" data-e-type=\"widget\" data-widget_type=\"text-editor.default\">\n\t\t\t\t<div class=\"elementor-widget-container\">\n\t\t\t\t\t\t\t\t\t<p>Entre em contato com a gente! Responderemos o mais r\u00e1pido poss\u00edvel. Utilize o link abaixo. Nosso expediente \u00e9 de <strong>segunda a sexta das 8h \u00e0s 17h.<\/strong><\/p>\t\t\t\t\t\t\t\t<\/div>\n\t\t\t\t<\/div>\n\t\t\t\t<div class=\"elementor-element elementor-element-7f7236a elementor-mobile-align-justify elementor-widget__width-auto elementor-align-left mindbutton elementor-widget elementor-widget-button\" data-id=\"7f7236a\" data-element_type=\"widget\" data-e-type=\"widget\" data-widget_type=\"button.default\">\n\t\t\t\t<div class=\"elementor-widget-container\">\n\t\t\t\t\t\t\t\t\t<div class=\"elementor-button-wrapper\">\n\t\t\t\t\t<a class=\"elementor-button elementor-button-link elementor-size-lg\" href=\"mailto:contato@mindcast.com.br\" target=\"_blank\">\n\t\t\t\t\t\t<span class=\"elementor-button-content-wrapper\">\n\t\t\t\t\t\t<span class=\"elementor-button-icon\">\n\t\t\t\t<i aria-hidden=\"true\" class=\"iconmindcastset- icon-mindcastset-email\"><\/i>\t\t\t<\/span>\n\t\t\t\t\t\t\t\t\t<span class=\"elementor-button-text\">contato@mindcast.com.br<\/span>\n\t\t\t\t\t<\/span>\n\t\t\t\t\t<\/a>\n\t\t\t\t<\/div>\n\t\t\t\t\t\t\t\t<\/div>\n\t\t\t\t<\/div>\n\t\t\t\t<div class=\"elementor-element elementor-element-98ae17e elementor-icon-list--layout-traditional elementor-list-item-link-full_width elementor-widget elementor-widget-icon-list\" data-id=\"98ae17e\" data-element_type=\"widget\" data-e-type=\"widget\" data-widget_type=\"icon-list.default\">\n\t\t\t\t<div class=\"elementor-widget-container\">\n\t\t\t\t\t\t\t<ul class=\"elementor-icon-list-items\">\n\t\t\t\t\t\t\t<li class=\"elementor-icon-list-item\">\n\t\t\t\t\t\t\t\t\t\t\t<a href=\"https:\/\/mindcast.com.br\/en\/\">\n\n\t\t\t\t\t\t\t\t\t\t\t\t<span class=\"elementor-icon-list-icon\">\n\t\t\t\t\t\t\t<i aria-hidden=\"true\" class=\"iconmindcastset- icon-mindcastset-arrowleft\"><\/i>\t\t\t\t\t\t<\/span>\n\t\t\t\t\t\t\t\t\t\t<span class=\"elementor-icon-list-text\">Voltar para a <b>Home.<\/b><\/span>\n\t\t\t\t\t\t\t\t\t\t\t<\/a>\n\t\t\t\t\t\t\t\t\t<\/li>\n\t\t\t\t\t\t<\/ul>\n\t\t\t\t\t\t<\/div>\n\t\t\t\t<\/div>\n\t\t\t\t<div class=\"elementor-element elementor-element-859696c elementor-widget elementor-widget-heading\" data-id=\"859696c\" data-element_type=\"widget\" data-e-type=\"widget\" data-widget_type=\"heading.default\">\n\t\t\t\t<div class=\"elementor-widget-container\">\n\t\t\t\t\t<h2 class=\"elementor-heading-title elementor-size-default\">\u00a9 2023 Ag\u00eancia <b>MindCast.<\/b><\/h2>\t\t\t\t<\/div>\n\t\t\t\t<\/div>\n\t\t\t\t<div class=\"elementor-element elementor-element-758bfcd elementor-icon-list--layout-inline elementor-list-item-link-inline elementor-align-start elementor-widget elementor-widget-icon-list\" data-id=\"758bfcd\" data-element_type=\"widget\" data-e-type=\"widget\" data-widget_type=\"icon-list.default\">\n\t\t\t\t<div class=\"elementor-widget-container\">\n\t\t\t\t\t\t\t<ul class=\"elementor-icon-list-items elementor-inline-items\">\n\t\t\t\t\t\t\t<li class=\"elementor-icon-list-item elementor-inline-item\">\n\t\t\t\t\t\t\t\t\t\t\t<a href=\"https:\/\/www.facebook.com\/mindcastagency\" target=\"_blank\">\n\n\t\t\t\t\t\t\t\t\t\t\t\t<span class=\"elementor-icon-list-icon\">\n\t\t\t\t\t\t\t<i aria-hidden=\"true\" class=\"iconmindcastset- icon-mindcastset-facebook\"><\/i>\t\t\t\t\t\t<\/span>\n\t\t\t\t\t\t\t\t\t\t<span class=\"elementor-icon-list-text\"><\/span>\n\t\t\t\t\t\t\t\t\t\t\t<\/a>\n\t\t\t\t\t\t\t\t\t<\/li>\n\t\t\t\t\t\t\t\t<li class=\"elementor-icon-list-item elementor-inline-item\">\n\t\t\t\t\t\t\t\t\t\t\t<a href=\"https:\/\/www.instagram.com\/mindcastagency\" target=\"_blank\">\n\n\t\t\t\t\t\t\t\t\t\t\t\t<span class=\"elementor-icon-list-icon\">\n\t\t\t\t\t\t\t<i aria-hidden=\"true\" class=\"iconmindcastset- icon-mindcastset-instagram\"><\/i>\t\t\t\t\t\t<\/span>\n\t\t\t\t\t\t\t\t\t\t<span class=\"elementor-icon-list-text\"><\/span>\n\t\t\t\t\t\t\t\t\t\t\t<\/a>\n\t\t\t\t\t\t\t\t\t<\/li>\n\t\t\t\t\t\t\t\t<li class=\"elementor-icon-list-item elementor-inline-item\">\n\t\t\t\t\t\t\t\t\t\t\t<a href=\"https:\/\/www.linkedin.com\/company\/mindcastagency\" target=\"_blank\">\n\n\t\t\t\t\t\t\t\t\t\t\t\t<span class=\"elementor-icon-list-icon\">\n\t\t\t\t\t\t\t<i aria-hidden=\"true\" class=\"iconmindcastset- icon-mindcastset-linkedin\"><\/i>\t\t\t\t\t\t<\/span>\n\t\t\t\t\t\t\t\t\t\t<span class=\"elementor-icon-list-text\"><\/span>\n\t\t\t\t\t\t\t\t\t\t\t<\/a>\n\t\t\t\t\t\t\t\t\t<\/li>\n\t\t\t\t\t\t<\/ul>\n\t\t\t\t\t\t<\/div>\n\t\t\t\t<\/div>\n\t\t\t\t\t<\/div>\n\t\t\t\t<\/div>\n\t\t\t\t<div class=\"elementor-element elementor-element-7bed9b1 elementor-widget__width-auto elementor-fixed e-transform elementor-hidden-tablet elementor-hidden-mobile elementor-widget elementor-widget-heading\" data-id=\"7bed9b1\" data-element_type=\"widget\" data-e-type=\"widget\" data-settings=\"{&quot;_position&quot;:&quot;fixed&quot;,&quot;motion_fx_motion_fx_scrolling&quot;:&quot;yes&quot;,&quot;motion_fx_opacity_effect&quot;:&quot;yes&quot;,&quot;motion_fx_opacity_direction&quot;:&quot;in-out&quot;,&quot;motion_fx_range&quot;:&quot;page&quot;,&quot;_transform_rotateZ_effect&quot;:{&quot;unit&quot;:&quot;px&quot;,&quot;size&quot;:270,&quot;sizes&quot;:[]},&quot;motion_fx_opacity_level&quot;:{&quot;unit&quot;:&quot;px&quot;,&quot;size&quot;:10,&quot;sizes&quot;:[]},&quot;motion_fx_opacity_range&quot;:{&quot;unit&quot;:&quot;%&quot;,&quot;size&quot;:&quot;&quot;,&quot;sizes&quot;:{&quot;start&quot;:20,&quot;end&quot;:80}},&quot;motion_fx_devices&quot;:[&quot;desktop&quot;,&quot;tablet&quot;,&quot;mobile&quot;],&quot;_transform_rotateZ_effect_tablet&quot;:{&quot;unit&quot;:&quot;deg&quot;,&quot;size&quot;:&quot;&quot;,&quot;sizes&quot;:[]},&quot;_transform_rotateZ_effect_mobile&quot;:{&quot;unit&quot;:&quot;deg&quot;,&quot;size&quot;:&quot;&quot;,&quot;sizes&quot;:[]}}\" data-widget_type=\"heading.default\">\n\t\t\t\t<div class=\"elementor-widget-container\">\n\t\t\t\t\t<h2 class=\"elementor-heading-title elementor-size-default\">Contato.<\/h2>\t\t\t\t<\/div>\n\t\t\t\t<\/div>\n\t\t\t\t\t<\/div>\n\t\t\t\t<\/div>\n\t\t\t\t<\/div>\n\t\t","protected":false},"excerpt":{"rendered":"<p>Entre em contato com a gente! Responderemos o mais r\u00e1pido poss\u00edvel. Utilize o link abaixo. Nosso expediente \u00e9 de segunda a sexta das 8h \u00e0s 17h. contato@mindcast.com.br Voltar para a Home. \u00a9 2023 Ag\u00eancia MindCast. Contato. Entre em contato com a gente! Responderemos o mais r\u00e1pido poss\u00edvel. Utilize o link abaixo. Nosso expediente \u00e9 de [&hellip;]<\/p>\n","protected":false},"author":3,"featured_media":0,"parent":0,"menu_order":0,"comment_status":"closed","ping_status":"closed","template":"elementor_canvas","meta":{"footnotes":""},"class_list":["post-1252","page","type-page","status-publish","hentry"],"yoast_head":"<!-- This site is optimized with the Yoast SEO plugin v27.4 - https:\/\/yoast.com\/product\/yoast-seo-wordpress\/ -->\n<title>Contato - Ag\u00eancia MindCast.<\/title>\n<meta name=\"robots\" content=\"index, follow, max-snippet:-1, max-image-preview:large, max-video-preview:-1\" \/>\n<link rel=\"canonical\" href=\"https:\/\/mindcast.com.br\/en\/contato\/\" \/>\n<meta property=\"og:locale\" content=\"en_US\" \/>\n<meta property=\"og:type\" content=\"article\" \/>\n<meta property=\"og:title\" content=\"Contato - Ag\u00eancia MindCast.\" \/>\n<meta property=\"og:description\" content=\"Entre em contato com a gente! Responderemos o mais r\u00e1pido poss\u00edvel. Utilize o link abaixo. Nosso expediente \u00e9 de segunda a sexta das 8h \u00e0s 17h. contato@mindcast.com.br Voltar para a Home. \u00a9 2023 Ag\u00eancia MindCast. Contato. Entre em contato com a gente! Responderemos o mais r\u00e1pido poss\u00edvel. Utilize o link abaixo. Nosso expediente \u00e9 de [&hellip;]\" \/>\n<meta property=\"og:url\" content=\"https:\/\/mindcast.com.br\/en\/contato\/\" \/>\n<meta property=\"og:site_name\" content=\"Ag\u00eancia MindCast.\" \/>\n<meta property=\"article:publisher\" content=\"https:\/\/www.facebook.com\/mindcastagency\" \/>\n<meta property=\"article:modified_time\" content=\"2023-10-27T14:20:48+00:00\" \/>\n<meta property=\"og:image\" content=\"https:\/\/mindcast.com.br\/wp-content\/uploads\/2023\/10\/MPeople.svg\" \/>\n<meta name=\"twitter:card\" content=\"summary_large_image\" \/>\n<meta name=\"twitter:label1\" content=\"Est. reading time\" \/>\n\t<meta name=\"twitter:data1\" content=\"2 minutes\" \/>\n<script type=\"application\/ld+json\" class=\"yoast-schema-graph\">{\"@context\":\"https:\\\/\\\/schema.org\",\"@graph\":[{\"@type\":\"WebPage\",\"@id\":\"https:\\\/\\\/mindcast.com.br\\\/contato\\\/\",\"url\":\"https:\\\/\\\/mindcast.com.br\\\/contato\\\/\",\"name\":\"Contato - Ag\u00eancia MindCast.\",\"isPartOf\":{\"@id\":\"https:\\\/\\\/mindcast.com.br\\\/#website\"},\"primaryImageOfPage\":{\"@id\":\"https:\\\/\\\/mindcast.com.br\\\/contato\\\/#primaryimage\"},\"image\":{\"@id\":\"https:\\\/\\\/mindcast.com.br\\\/contato\\\/#primaryimage\"},\"thumbnailUrl\":\"https:\\\/\\\/mindcast.com.br\\\/wp-content\\\/uploads\\\/2023\\\/10\\\/MPeople.svg\",\"datePublished\":\"2023-09-26T18:07:54+00:00\",\"dateModified\":\"2023-10-27T14:20:48+00:00\",\"inLanguage\":\"en-US\",\"potentialAction\":[{\"@type\":\"ReadAction\",\"target\":[\"https:\\\/\\\/mindcast.com.br\\\/contato\\\/\"]}]},{\"@type\":\"ImageObject\",\"inLanguage\":\"en-US\",\"@id\":\"https:\\\/\\\/mindcast.com.br\\\/contato\\\/#primaryimage\",\"url\":\"https:\\\/\\\/mindcast.com.br\\\/wp-content\\\/uploads\\\/2023\\\/10\\\/MPeople.svg\",\"contentUrl\":\"https:\\\/\\\/mindcast.com.br\\\/wp-content\\\/uploads\\\/2023\\\/10\\\/MPeople.svg\"},{\"@type\":\"WebSite\",\"@id\":\"https:\\\/\\\/mindcast.com.br\\\/#website\",\"url\":\"https:\\\/\\\/mindcast.com.br\\\/\",\"name\":\"Ag\u00eancia MindCast.\",\"description\":\"Marketing Digital | Branding | WebDev\",\"publisher\":{\"@id\":\"https:\\\/\\\/mindcast.com.br\\\/#organization\"},\"potentialAction\":[{\"@type\":\"SearchAction\",\"target\":{\"@type\":\"EntryPoint\",\"urlTemplate\":\"https:\\\/\\\/mindcast.com.br\\\/?s={search_term_string}\"},\"query-input\":{\"@type\":\"PropertyValueSpecification\",\"valueRequired\":true,\"valueName\":\"search_term_string\"}}],\"inLanguage\":\"en-US\"},{\"@type\":\"Organization\",\"@id\":\"https:\\\/\\\/mindcast.com.br\\\/#organization\",\"name\":\"Ag\u00eancia MindCast.\",\"url\":\"https:\\\/\\\/mindcast.com.br\\\/\",\"logo\":{\"@type\":\"ImageObject\",\"inLanguage\":\"en-US\",\"@id\":\"https:\\\/\\\/mindcast.com.br\\\/#\\\/schema\\\/logo\\\/image\\\/\",\"url\":\"https:\\\/\\\/mindcast.com.br\\\/wp-content\\\/uploads\\\/2023\\\/10\\\/mindcast.jpg\",\"contentUrl\":\"https:\\\/\\\/mindcast.com.br\\\/wp-content\\\/uploads\\\/2023\\\/10\\\/mindcast.jpg\",\"width\":1440,\"height\":900,\"caption\":\"Ag\u00eancia MindCast.\"},\"image\":{\"@id\":\"https:\\\/\\\/mindcast.com.br\\\/#\\\/schema\\\/logo\\\/image\\\/\"},\"sameAs\":[\"https:\\\/\\\/www.facebook.com\\\/mindcastagency\"]}]}<\/script>\n<!-- \/ Yoast SEO plugin. -->","yoast_head_json":{"title":"Contact - MindCast Agency.","robots":{"index":"index","follow":"follow","max-snippet":"max-snippet:-1","max-image-preview":"max-image-preview:large","max-video-preview":"max-video-preview:-1"},"canonical":"https:\/\/mindcast.com.br\/en\/contato\/","og_locale":"en_US","og_type":"article","og_title":"Contato - Ag\u00eancia MindCast.","og_description":"Entre em contato com a gente! Responderemos o mais r\u00e1pido poss\u00edvel. Utilize o link abaixo. Nosso expediente \u00e9 de segunda a sexta das 8h \u00e0s 17h. contato@mindcast.com.br Voltar para a Home. \u00a9 2023 Ag\u00eancia MindCast. Contato. Entre em contato com a gente! Responderemos o mais r\u00e1pido poss\u00edvel. Utilize o link abaixo. Nosso expediente \u00e9 de [&hellip;]","og_url":"https:\/\/mindcast.com.br\/en\/contato\/","og_site_name":"Ag\u00eancia MindCast.","article_publisher":"https:\/\/www.facebook.com\/mindcastagency","article_modified_time":"2023-10-27T14:20:48+00:00","og_image":[{"url":"https:\/\/mindcast.com.br\/wp-content\/uploads\/2023\/10\/MPeople.svg","type":"","width":"","height":""}],"twitter_card":"summary_large_image","twitter_misc":{"Est. reading time":"2 minutes"},"schema":{"@context":"https:\/\/schema.org","@graph":[{"@type":"WebPage","@id":"https:\/\/mindcast.com.br\/contato\/","url":"https:\/\/mindcast.com.br\/contato\/","name":"Contact - MindCast Agency.","isPartOf":{"@id":"https:\/\/mindcast.com.br\/#website"},"primaryImageOfPage":{"@id":"https:\/\/mindcast.com.br\/contato\/#primaryimage"},"image":{"@id":"https:\/\/mindcast.com.br\/contato\/#primaryimage"},"thumbnailUrl":"https:\/\/mindcast.com.br\/wp-content\/uploads\/2023\/10\/MPeople.svg","datePublished":"2023-09-26T18:07:54+00:00","dateModified":"2023-10-27T14:20:48+00:00","inLanguage":"en-US","potentialAction":[{"@type":"ReadAction","target":["https:\/\/mindcast.com.br\/contato\/"]}]},{"@type":"ImageObject","inLanguage":"en-US","@id":"https:\/\/mindcast.com.br\/contato\/#primaryimage","url":"https:\/\/mindcast.com.br\/wp-content\/uploads\/2023\/10\/MPeople.svg","contentUrl":"https:\/\/mindcast.com.br\/wp-content\/uploads\/2023\/10\/MPeople.svg"},{"@type":"WebSite","@id":"https:\/\/mindcast.com.br\/#website","url":"https:\/\/mindcast.com.br\/","name":"MindCast Agency.","description":"Digital Marketing | Branding | WebDev","publisher":{"@id":"https:\/\/mindcast.com.br\/#organization"},"potentialAction":[{"@type":"SearchAction","target":{"@type":"EntryPoint","urlTemplate":"https:\/\/mindcast.com.br\/?s={search_term_string}"},"query-input":{"@type":"PropertyValueSpecification","valueRequired":true,"valueName":"search_term_string"}}],"inLanguage":"en-US"},{"@type":"Organization","@id":"https:\/\/mindcast.com.br\/#organization","name":"MindCast Agency.","url":"https:\/\/mindcast.com.br\/","logo":{"@type":"ImageObject","inLanguage":"en-US","@id":"https:\/\/mindcast.com.br\/#\/schema\/logo\/image\/","url":"https:\/\/mindcast.com.br\/wp-content\/uploads\/2023\/10\/mindcast.jpg","contentUrl":"https:\/\/mindcast.com.br\/wp-content\/uploads\/2023\/10\/mindcast.jpg","width":1440,"height":900,"caption":"Ag\u00eancia MindCast."},"image":{"@id":"https:\/\/mindcast.com.br\/#\/schema\/logo\/image\/"},"sameAs":["https:\/\/www.facebook.com\/mindcastagency"]}]}},"_links":{"self":[{"href":"https:\/\/mindcast.com.br\/en\/wp-json\/wp\/v2\/pages\/1252","targetHints":{"allow":["GET"]}}],"collection":[{"href":"https:\/\/mindcast.com.br\/en\/wp-json\/wp\/v2\/pages"}],"about":[{"href":"https:\/\/mindcast.com.br\/en\/wp-json\/wp\/v2\/types\/page"}],"author":[{"embeddable":true,"href":"https:\/\/mindcast.com.br\/en\/wp-json\/wp\/v2\/users\/3"}],"replies":[{"embeddable":true,"href":"https:\/\/mindcast.com.br\/en\/wp-json\/wp\/v2\/comments?post=1252"}],"version-history":[{"count":0,"href":"https:\/\/mindcast.com.br\/en\/wp-json\/wp\/v2\/pages\/1252\/revisions"}],"wp:attachment":[{"href":"https:\/\/mindcast.com.br\/en\/wp-json\/wp\/v2\/media?parent=1252"}],"curies":[{"name":"wp","href":"https:\/\/api.w.org\/{rel}","templated":true}]}}