{"id":79,"date":"2023-09-23T20:15:44","date_gmt":"2023-09-23T20:15:44","guid":{"rendered":"https:\/\/mindcast.com.br\/?page_id=79"},"modified":"2025-01-17T15:36:18","modified_gmt":"2025-01-17T15:36:18","slug":"mindblog","status":"publish","type":"page","link":"https:\/\/mindcast.com.br\/en\/mindblog\/","title":{"rendered":"MindBlog."},"content":{"rendered":"\t\t<div data-elementor-type=\"wp-page\" data-elementor-id=\"79\" class=\"elementor elementor-79\" data-elementor-post-type=\"page\">\n\t\t\t\t<div class=\"elementor-element elementor-element-6e327ef e-flex e-con-boxed e-con e-parent\" data-id=\"6e327ef\" data-element_type=\"container\" data-e-type=\"container\" id=\"top\" data-settings=\"{&quot;jet_parallax_layout_list&quot;:[]}\">\n\t\t\t\t\t<div class=\"e-con-inner\">\n\t\t\t\t<div class=\"elementor-element elementor-element-80d2c90 elementor-widget__width-auto elementor-fixed e-transform elementor-hidden-tablet elementor-hidden-mobile elementor-widget elementor-widget-heading\" data-id=\"80d2c90\" data-element_type=\"widget\" data-e-type=\"widget\" data-settings=\"{&quot;_position&quot;:&quot;fixed&quot;,&quot;motion_fx_motion_fx_scrolling&quot;:&quot;yes&quot;,&quot;motion_fx_opacity_effect&quot;:&quot;yes&quot;,&quot;motion_fx_opacity_direction&quot;:&quot;in-out&quot;,&quot;motion_fx_range&quot;:&quot;page&quot;,&quot;_transform_rotateZ_effect&quot;:{&quot;unit&quot;:&quot;px&quot;,&quot;size&quot;:270,&quot;sizes&quot;:[]},&quot;motion_fx_opacity_level&quot;:{&quot;unit&quot;:&quot;px&quot;,&quot;size&quot;:10,&quot;sizes&quot;:[]},&quot;motion_fx_opacity_range&quot;:{&quot;unit&quot;:&quot;%&quot;,&quot;size&quot;:&quot;&quot;,&quot;sizes&quot;:{&quot;start&quot;:20,&quot;end&quot;:80}},&quot;motion_fx_devices&quot;:[&quot;desktop&quot;,&quot;tablet&quot;,&quot;mobile&quot;],&quot;_transform_rotateZ_effect_tablet&quot;:{&quot;unit&quot;:&quot;deg&quot;,&quot;size&quot;:&quot;&quot;,&quot;sizes&quot;:[]},&quot;_transform_rotateZ_effect_mobile&quot;:{&quot;unit&quot;:&quot;deg&quot;,&quot;size&quot;:&quot;&quot;,&quot;sizes&quot;:[]}}\" data-widget_type=\"heading.default\">\n\t\t\t\t<div class=\"elementor-widget-container\">\n\t\t\t\t\t<h2 class=\"elementor-heading-title elementor-size-default\">MindBlog.<\/h2>\t\t\t\t<\/div>\n\t\t\t\t<\/div>\n\t\t\t\t<div class=\"elementor-element elementor-element-9e1a35f elementor-grid-tablet-1 elementor-posts--thumbnail-none elementor-grid-3 elementor-grid-mobile-1 elementor-widget elementor-widget-posts\" data-id=\"9e1a35f\" data-element_type=\"widget\" data-e-type=\"widget\" data-settings=\"{&quot;classic_columns_tablet&quot;:&quot;1&quot;,&quot;classic_row_gap&quot;:{&quot;unit&quot;:&quot;px&quot;,&quot;size&quot;:20,&quot;sizes&quot;:[]},&quot;pagination_type&quot;:&quot;numbers&quot;,&quot;classic_columns&quot;:&quot;3&quot;,&quot;classic_columns_mobile&quot;:&quot;1&quot;,&quot;classic_row_gap_tablet&quot;:{&quot;unit&quot;:&quot;px&quot;,&quot;size&quot;:&quot;&quot;,&quot;sizes&quot;:[]},&quot;classic_row_gap_mobile&quot;:{&quot;unit&quot;:&quot;px&quot;,&quot;size&quot;:&quot;&quot;,&quot;sizes&quot;:[]}}\" data-widget_type=\"posts.classic\">\n\t\t\t\t<div class=\"elementor-widget-container\">\n\t\t\t\t\t\t\t<div class=\"elementor-posts-container elementor-posts elementor-posts--skin-classic elementor-grid\" role=\"list\">\n\t\t\t\t<article class=\"elementor-post elementor-grid-item post-1108 post type-post status-publish format-standard hentry category-artigos tag-websites\" role=\"listitem\">\n\t\t\t\t<div class=\"elementor-post__text\">\n\t\t\t\t<h3 class=\"elementor-post__title\">\n\t\t\t<a href=\"https:\/\/mindcast.com.br\/en\/elevando-a-experiencia-online-a-um-novo-patamar\/\" >\n\t\t\t\tElevando a Experi\u00eancia Online a um Novo Patamar\t\t\t<\/a>\n\t\t<\/h3>\n\t\t\t\t<div class=\"elementor-post__excerpt\">\n\t\t\t<p>Em um mundo cada vez mais digital, a presen\u00e7a online tornou-se uma parte fundamental de qualquer neg\u00f3cio ou empreendimento. A cria\u00e7\u00e3o de websites profissionais n\u00e3o<\/p>\n\t\t<\/div>\n\t\t\t\t<\/div>\n\t\t\t\t<\/article>\n\t\t\t\t<article class=\"elementor-post elementor-grid-item post-3880 post type-post status-publish format-standard hentry category-artigos tag-marketing-digital tag-publicidade-online\" role=\"listitem\">\n\t\t\t\t<div class=\"elementor-post__text\">\n\t\t\t\t<h3 class=\"elementor-post__title\">\n\t\t\t<a href=\"https:\/\/mindcast.com.br\/en\/como-manter-a-presenca-online-de-forma-assertiva\/\" >\n\t\t\t\tComo manter a presen\u00e7a online de forma assertiva.\t\t\t<\/a>\n\t\t<\/h3>\n\t\t\t\t<div class=\"elementor-post__excerpt\">\n\t\t\t<p>Para manter uma presen\u00e7a online assertiva, \u00e9 fundamental adotar uma abordagem estrat\u00e9gica e consistente. Aqui est\u00e3o algumas diretrizes gerais que podem ajud\u00e1-lo a manter uma<\/p>\n\t\t<\/div>\n\t\t\t\t<\/div>\n\t\t\t\t<\/article>\n\t\t\t\t<article class=\"elementor-post elementor-grid-item post-4342 post type-post status-publish format-standard hentry category-blog\" role=\"listitem\">\n\t\t\t\t<div class=\"elementor-post__text\">\n\t\t\t\t<h3 class=\"elementor-post__title\">\n\t\t\t<a href=\"https:\/\/mindcast.com.br\/en\/o-que-e-inteligencia-artificial-ela-existe-mesmo\/\" >\n\t\t\t\tO que \u00e9 Intelig\u00eancia Artificial? Ela existe mesmo?\t\t\t<\/a>\n\t\t<\/h3>\n\t\t\t\t<div class=\"elementor-post__excerpt\">\n\t\t\t<p>Intelig\u00eancia Artificial (ou simplesmente IA) \u00e9 um daqueles assuntos que parece coisa de filme futurista, mas que j\u00e1 est\u00e1 bem presente no nosso dia a<\/p>\n\t\t<\/div>\n\t\t\t\t<\/div>\n\t\t\t\t<\/article>\n\t\t\t\t<article class=\"elementor-post elementor-grid-item post-3868 post type-post status-publish format-standard hentry category-artigos tag-ai\" role=\"listitem\">\n\t\t\t\t<div class=\"elementor-post__text\">\n\t\t\t\t<h3 class=\"elementor-post__title\">\n\t\t\t<a href=\"https:\/\/mindcast.com.br\/en\/desvendando-o-poder-da-inteligencia-artificial-no-universo-criativo-das-agencias-de-publicidade\/\" >\n\t\t\t\tDesvendando o Poder da Intelig\u00eancia Artificial no Universo Criativo das Ag\u00eancias de Publicidade\t\t\t<\/a>\n\t\t<\/h3>\n\t\t\t\t<div class=\"elementor-post__excerpt\">\n\t\t\t<p>No cen\u00e1rio acelerado e competitivo das ag\u00eancias de publicidade contempor\u00e2neas, a inova\u00e7\u00e3o \u00e9 a palavra-chave para se destacar e alcan\u00e7ar o sucesso. Em meio a<\/p>\n\t\t<\/div>\n\t\t\t\t<\/div>\n\t\t\t\t<\/article>\n\t\t\t\t<article class=\"elementor-post elementor-grid-item post-1090 post type-post status-publish format-standard hentry category-artigos tag-economia\" role=\"listitem\">\n\t\t\t\t<div class=\"elementor-post__text\">\n\t\t\t\t<h3 class=\"elementor-post__title\">\n\t\t\t<a href=\"https:\/\/mindcast.com.br\/en\/o-marketing-digital-na-economia-local\/\" >\n\t\t\t\tO Marketing Digital na Economia Local\t\t\t<\/a>\n\t\t<\/h3>\n\t\t\t\t<div class=\"elementor-post__excerpt\">\n\t\t\t<p>Impulsionando Neg\u00f3cios e Comunidades O Marketing Digital tem desempenhado um papel cada vez mais crucial na economia local, oferecendo uma s\u00e9rie de benef\u00edcios que v\u00e3o<\/p>\n\t\t<\/div>\n\t\t\t\t<\/div>\n\t\t\t\t<\/article>\n\t\t\t\t<article class=\"elementor-post elementor-grid-item post-1092 post type-post status-publish format-standard hentry category-artigos tag-midias-socias\" role=\"listitem\">\n\t\t\t\t<div class=\"elementor-post__text\">\n\t\t\t\t<h3 class=\"elementor-post__title\">\n\t\t\t<a href=\"https:\/\/mindcast.com.br\/en\/o-alcance-das-midias-socias-em-2023\/\" >\n\t\t\t\tO Alcance das M\u00eddias Socias em 2023\t\t\t<\/a>\n\t\t<\/h3>\n\t\t\t\t<div class=\"elementor-post__excerpt\">\n\t\t\t<p>Em 2023, o alcance das m\u00eddias sociais atingiu um patamar nunca antes visto, moldando profundamente a forma como as pessoas se comunicam, interagem e consomem<\/p>\n\t\t<\/div>\n\t\t\t\t<\/div>\n\t\t\t\t<\/article>\n\t\t\t\t<article class=\"elementor-post elementor-grid-item post-3878 post type-post status-publish format-standard hentry category-artigos tag-cyber-seguranca tag-redes-sociais\" role=\"listitem\">\n\t\t\t\t<div class=\"elementor-post__text\">\n\t\t\t\t<h3 class=\"elementor-post__title\">\n\t\t\t<a href=\"https:\/\/mindcast.com.br\/en\/cyber-seguranca-e-as-redes-sociais\/\" >\n\t\t\t\tCyber seguran\u00e7a e as Redes Sociais\t\t\t<\/a>\n\t\t<\/h3>\n\t\t\t\t<div class=\"elementor-post__excerpt\">\n\t\t\t<p>A seguran\u00e7a cibern\u00e9tica \u00e9 uma considera\u00e7\u00e3o crucial ao utilizar redes sociais. Aqui est\u00e3o algumas dicas importantes para garantir a seguran\u00e7a ao usar plataformas de m\u00eddia<\/p>\n\t\t<\/div>\n\t\t\t\t<\/div>\n\t\t\t\t<\/article>\n\t\t\t\t<article class=\"elementor-post elementor-grid-item post-3889 post type-post status-publish format-standard hentry category-artigos tag-marketing-digital tag-vendas-online\" role=\"listitem\">\n\t\t\t\t<div class=\"elementor-post__text\">\n\t\t\t\t<h3 class=\"elementor-post__title\">\n\t\t\t<a href=\"https:\/\/mindcast.com.br\/en\/5-estrategias-para-vendas-online\/\" >\n\t\t\t\t5 Estrat\u00e9gias para vendas online\t\t\t<\/a>\n\t\t<\/h3>\n\t\t\t\t<div class=\"elementor-post__excerpt\">\n\t\t\t<p>Certamente, as vendas online s\u00e3o fundamentais para o sucesso de muitas empresas nos dias de hoje. Aqui est\u00e3o cinco estrat\u00e9gias importantes para ajudar a impulsionar<\/p>\n\t\t<\/div>\n\t\t\t\t<\/div>\n\t\t\t\t<\/article>\n\t\t\t\t<article class=\"elementor-post elementor-grid-item post-2322 post type-post status-publish format-standard hentry category-artigos tag-websites\" role=\"listitem\">\n\t\t\t\t<div class=\"elementor-post__text\">\n\t\t\t\t<h3 class=\"elementor-post__title\">\n\t\t\t<a href=\"https:\/\/mindcast.com.br\/en\/a-importancia-de-um-website-profissional-5-motivos-para-investir-nele\/\" >\n\t\t\t\tA Import\u00e2ncia de um Website Profissional: 5 Motivos para Investir Nele\t\t\t<\/a>\n\t\t<\/h3>\n\t\t\t\t<div class=\"elementor-post__excerpt\">\n\t\t\t<p>No mundo digital de hoje, um website \u00e9 muito mais do que apenas uma presen\u00e7a online. \u00c9 uma vitrine virtual da sua marca, um ponto<\/p>\n\t\t<\/div>\n\t\t\t\t<\/div>\n\t\t\t\t<\/article>\n\t\t\t\t<\/div>\n\t\t\n\t\t\t\t<div class=\"e-load-more-anchor\" data-page=\"1\" data-max-page=\"2\" data-next-page=\"https:\/\/mindcast.com.br\/en\/wp-json\/wp\/v2\/pages\/79\/page\/2\/\"><\/div>\n\t\t\t\t<nav class=\"elementor-pagination\" aria-label=\"Pagination\">\n\t\t\t<span aria-current=\"page\" class=\"page-numbers current\"><span class=\"elementor-screen-only\">Page<\/span>1<\/span>\n<a class=\"page-numbers\" href=\"https:\/\/mindcast.com.br\/en\/wp-json\/wp\/v2\/pages\/79\/page\/2\/\"><span class=\"elementor-screen-only\">Page<\/span>2<\/a>\t\t<\/nav>\n\t\t\t\t\t\t<\/div>\n\t\t\t\t<\/div>\n\t\t\t\t\t<\/div>\n\t\t\t\t<\/div>\n\t\t\t\t<\/div>\n\t\t","protected":false},"excerpt":{"rendered":"<p>MindBlog.<\/p>","protected":false},"author":3,"featured_media":0,"parent":0,"menu_order":0,"comment_status":"closed","ping_status":"closed","template":"","meta":{"footnotes":""},"class_list":["post-79","page","type-page","status-publish","hentry"],"yoast_head":"<!-- This site is optimized with the Yoast SEO plugin v27.4 - https:\/\/yoast.com\/product\/yoast-seo-wordpress\/ -->\n<title>MindBlog. - Ag\u00eancia MindCast.<\/title>\n<meta name=\"robots\" content=\"index, follow, max-snippet:-1, max-image-preview:large, max-video-preview:-1\" \/>\n<link rel=\"canonical\" href=\"https:\/\/mindcast.com.br\/en\/mindblog\/\" \/>\n<meta property=\"og:locale\" content=\"en_US\" \/>\n<meta property=\"og:type\" content=\"article\" \/>\n<meta property=\"og:title\" content=\"MindBlog. - Ag\u00eancia MindCast.\" \/>\n<meta property=\"og:description\" content=\"MindBlog.\" \/>\n<meta property=\"og:url\" content=\"https:\/\/mindcast.com.br\/en\/mindblog\/\" \/>\n<meta property=\"og:site_name\" content=\"Ag\u00eancia MindCast.\" \/>\n<meta property=\"article:publisher\" content=\"https:\/\/www.facebook.com\/mindcastagency\" \/>\n<meta property=\"article:modified_time\" content=\"2025-01-17T15:36:18+00:00\" \/>\n<meta name=\"twitter:card\" content=\"summary_large_image\" \/>\n<meta name=\"twitter:label1\" content=\"Est. reading time\" \/>\n\t<meta name=\"twitter:data1\" content=\"5 minutes\" \/>\n<script type=\"application\/ld+json\" class=\"yoast-schema-graph\">{\"@context\":\"https:\\\/\\\/schema.org\",\"@graph\":[{\"@type\":\"WebPage\",\"@id\":\"https:\\\/\\\/mindcast.com.br\\\/mindblog\\\/\",\"url\":\"https:\\\/\\\/mindcast.com.br\\\/mindblog\\\/\",\"name\":\"MindBlog. - Ag\u00eancia MindCast.\",\"isPartOf\":{\"@id\":\"https:\\\/\\\/mindcast.com.br\\\/#website\"},\"datePublished\":\"2023-09-23T20:15:44+00:00\",\"dateModified\":\"2025-01-17T15:36:18+00:00\",\"inLanguage\":\"en-US\",\"potentialAction\":[{\"@type\":\"ReadAction\",\"target\":[\"https:\\\/\\\/mindcast.com.br\\\/mindblog\\\/\"]}]},{\"@type\":\"WebSite\",\"@id\":\"https:\\\/\\\/mindcast.com.br\\\/#website\",\"url\":\"https:\\\/\\\/mindcast.com.br\\\/\",\"name\":\"Ag\u00eancia MindCast.\",\"description\":\"Marketing Digital | Branding | WebDev\",\"publisher\":{\"@id\":\"https:\\\/\\\/mindcast.com.br\\\/#organization\"},\"potentialAction\":[{\"@type\":\"SearchAction\",\"target\":{\"@type\":\"EntryPoint\",\"urlTemplate\":\"https:\\\/\\\/mindcast.com.br\\\/?s={search_term_string}\"},\"query-input\":{\"@type\":\"PropertyValueSpecification\",\"valueRequired\":true,\"valueName\":\"search_term_string\"}}],\"inLanguage\":\"en-US\"},{\"@type\":\"Organization\",\"@id\":\"https:\\\/\\\/mindcast.com.br\\\/#organization\",\"name\":\"Ag\u00eancia MindCast.\",\"url\":\"https:\\\/\\\/mindcast.com.br\\\/\",\"logo\":{\"@type\":\"ImageObject\",\"inLanguage\":\"en-US\",\"@id\":\"https:\\\/\\\/mindcast.com.br\\\/#\\\/schema\\\/logo\\\/image\\\/\",\"url\":\"https:\\\/\\\/mindcast.com.br\\\/wp-content\\\/uploads\\\/2023\\\/10\\\/mindcast.jpg\",\"contentUrl\":\"https:\\\/\\\/mindcast.com.br\\\/wp-content\\\/uploads\\\/2023\\\/10\\\/mindcast.jpg\",\"width\":1440,\"height\":900,\"caption\":\"Ag\u00eancia MindCast.\"},\"image\":{\"@id\":\"https:\\\/\\\/mindcast.com.br\\\/#\\\/schema\\\/logo\\\/image\\\/\"},\"sameAs\":[\"https:\\\/\\\/www.facebook.com\\\/mindcastagency\"]}]}<\/script>\n<!-- \/ Yoast SEO plugin. -->","yoast_head_json":{"title":"MindBlog. - MindCast Agency.","robots":{"index":"index","follow":"follow","max-snippet":"max-snippet:-1","max-image-preview":"max-image-preview:large","max-video-preview":"max-video-preview:-1"},"canonical":"https:\/\/mindcast.com.br\/en\/mindblog\/","og_locale":"en_US","og_type":"article","og_title":"MindBlog. - Ag\u00eancia MindCast.","og_description":"MindBlog.","og_url":"https:\/\/mindcast.com.br\/en\/mindblog\/","og_site_name":"Ag\u00eancia MindCast.","article_publisher":"https:\/\/www.facebook.com\/mindcastagency","article_modified_time":"2025-01-17T15:36:18+00:00","twitter_card":"summary_large_image","twitter_misc":{"Est. reading time":"5 minutes"},"schema":{"@context":"https:\/\/schema.org","@graph":[{"@type":"WebPage","@id":"https:\/\/mindcast.com.br\/mindblog\/","url":"https:\/\/mindcast.com.br\/mindblog\/","name":"MindBlog. - MindCast Agency.","isPartOf":{"@id":"https:\/\/mindcast.com.br\/#website"},"datePublished":"2023-09-23T20:15:44+00:00","dateModified":"2025-01-17T15:36:18+00:00","inLanguage":"en-US","potentialAction":[{"@type":"ReadAction","target":["https:\/\/mindcast.com.br\/mindblog\/"]}]},{"@type":"WebSite","@id":"https:\/\/mindcast.com.br\/#website","url":"https:\/\/mindcast.com.br\/","name":"MindCast Agency.","description":"Digital Marketing | Branding | WebDev","publisher":{"@id":"https:\/\/mindcast.com.br\/#organization"},"potentialAction":[{"@type":"SearchAction","target":{"@type":"EntryPoint","urlTemplate":"https:\/\/mindcast.com.br\/?s={search_term_string}"},"query-input":{"@type":"PropertyValueSpecification","valueRequired":true,"valueName":"search_term_string"}}],"inLanguage":"en-US"},{"@type":"Organization","@id":"https:\/\/mindcast.com.br\/#organization","name":"MindCast Agency.","url":"https:\/\/mindcast.com.br\/","logo":{"@type":"ImageObject","inLanguage":"en-US","@id":"https:\/\/mindcast.com.br\/#\/schema\/logo\/image\/","url":"https:\/\/mindcast.com.br\/wp-content\/uploads\/2023\/10\/mindcast.jpg","contentUrl":"https:\/\/mindcast.com.br\/wp-content\/uploads\/2023\/10\/mindcast.jpg","width":1440,"height":900,"caption":"Ag\u00eancia MindCast."},"image":{"@id":"https:\/\/mindcast.com.br\/#\/schema\/logo\/image\/"},"sameAs":["https:\/\/www.facebook.com\/mindcastagency"]}]}},"_links":{"self":[{"href":"https:\/\/mindcast.com.br\/en\/wp-json\/wp\/v2\/pages\/79","targetHints":{"allow":["GET"]}}],"collection":[{"href":"https:\/\/mindcast.com.br\/en\/wp-json\/wp\/v2\/pages"}],"about":[{"href":"https:\/\/mindcast.com.br\/en\/wp-json\/wp\/v2\/types\/page"}],"author":[{"embeddable":true,"href":"https:\/\/mindcast.com.br\/en\/wp-json\/wp\/v2\/users\/3"}],"replies":[{"embeddable":true,"href":"https:\/\/mindcast.com.br\/en\/wp-json\/wp\/v2\/comments?post=79"}],"version-history":[{"count":0,"href":"https:\/\/mindcast.com.br\/en\/wp-json\/wp\/v2\/pages\/79\/revisions"}],"wp:attachment":[{"href":"https:\/\/mindcast.com.br\/en\/wp-json\/wp\/v2\/media?parent=79"}],"curies":[{"name":"wp","href":"https:\/\/api.w.org\/{rel}","templated":true}]}}