{"id":83,"date":"2023-09-23T20:16:10","date_gmt":"2023-09-23T20:16:10","guid":{"rendered":"https:\/\/mindcast.com.br\/?page_id=83"},"modified":"2024-07-27T17:27:48","modified_gmt":"2024-07-27T17:27:48","slug":"quem-somos","status":"publish","type":"page","link":"https:\/\/mindcast.com.br\/en\/quem-somos\/","title":{"rendered":"Who we are"},"content":{"rendered":"<div data-elementor-type=\"wp-page\" data-elementor-id=\"83\" class=\"elementor elementor-83\" data-elementor-post-type=\"page\">\n\t\t\t\t<div class=\"elementor-element elementor-element-0c0a1dc e-flex e-con-boxed e-con e-parent\" data-id=\"0c0a1dc\" data-element_type=\"container\" data-e-type=\"container\" id=\"top\" data-settings=\"{&quot;background_background&quot;:&quot;gradient&quot;,&quot;jet_parallax_layout_list&quot;:[]}\">\n\t\t\t\t\t<div class=\"e-con-inner\">\n\t\t<div class=\"elementor-element elementor-element-7d745d3 e-flex e-con-boxed e-con e-child\" data-id=\"7d745d3\" data-element_type=\"container\" data-e-type=\"container\" data-settings=\"{&quot;jet_parallax_layout_list&quot;:[]}\">\n\t\t\t\t\t<div class=\"e-con-inner\">\n\t\t\t\t<div class=\"elementor-element elementor-element-99def7d animated-fast elementor-invisible elementor-widget elementor-widget-heading\" data-id=\"99def7d\" data-element_type=\"widget\" data-e-type=\"widget\" data-settings=\"{&quot;_animation&quot;:&quot;bounceInLeft&quot;}\" data-widget_type=\"heading.default\">\n\t\t\t\t<div class=\"elementor-widget-container\">\n\t\t\t\t\t<h2 class=\"elementor-heading-title elementor-size-default\"> MindCast Agency\n\n<\/h2>\t\t\t\t<\/div>\n\t\t\t\t<\/div>\n\t\t\t\t<div class=\"elementor-element elementor-element-ec73c61 animated-fast elementor-invisible elementor-widget elementor-widget-text-editor\" data-id=\"ec73c61\" data-element_type=\"widget\" data-e-type=\"widget\" data-settings=\"{&quot;_animation&quot;:&quot;bounceInRight&quot;}\" data-widget_type=\"text-editor.default\">\n\t\t\t\t<div class=\"elementor-widget-container\">\n\t\t\t\t\t\t\t\t\t<p>A <strong>MindCast Agency<\/strong> is a reference in the world of <strong>Digital Marketing, Branding and Web Development<\/strong>. Having been in the market for years, we have accumulated solid experience and gained the trust of our customers. We are passionate about turning visions into reality and elevating brands to new heights.<\/p>\t\t\t\t\t\t\t\t<\/div>\n\t\t\t\t<\/div>\n\t\t\t\t<div class=\"elementor-element elementor-element-a87269b animated-fast elementor-invisible elementor-widget elementor-widget-image\" data-id=\"a87269b\" data-element_type=\"widget\" data-e-type=\"widget\" data-settings=\"{&quot;_animation&quot;:&quot;bounceInDown&quot;}\" data-widget_type=\"image.default\">\n\t\t\t\t<div class=\"elementor-widget-container\">\n\t\t\t\t\t\t\t\t\t\t\t\t\t\t\t\t<a href=\"#marketing-digital\" rel=\"nofollow\">\n\t\t\t\t\t\t\t<img decoding=\"async\" width=\"78\" height=\"102\" src=\"https:\/\/mindcast.com.br\/wp-content\/uploads\/2023\/10\/LightArrow.svg\" class=\"attachment-full size-full wp-image-1829\" alt=\"LightArrow\" \/>\t\t\t\t\t\t\t\t<\/a>\n\t\t\t\t\t\t\t\t\t\t\t\t\t\t\t<\/div>\n\t\t\t\t<\/div>\n\t\t\t\t\t<\/div>\n\t\t\t\t<\/div>\n\t\t\t\t\t<\/div>\n\t\t\t\t<\/div>\n\t\t<div class=\"elementor-element elementor-element-2e61737 e-flex e-con-boxed e-con e-parent\" data-id=\"2e61737\" data-element_type=\"container\" data-e-type=\"container\" id=\"marketing-digital\" data-settings=\"{&quot;background_background&quot;:&quot;classic&quot;,&quot;jet_parallax_layout_list&quot;:[]}\">\n\t\t\t\t\t<div class=\"e-con-inner\">\n\t\t<div class=\"elementor-element elementor-element-0eb8190 e-flex e-con-boxed e-con e-child\" data-id=\"0eb8190\" data-element_type=\"container\" data-e-type=\"container\" data-settings=\"{&quot;jet_parallax_layout_list&quot;:[]}\">\n\t\t\t\t\t<div class=\"e-con-inner\">\n\t\t<div class=\"elementor-element elementor-element-8bc3f57 e-con-full e-flex e-con e-child\" data-id=\"8bc3f57\" data-element_type=\"container\" data-e-type=\"container\" data-settings=\"{&quot;jet_parallax_layout_list&quot;:[]}\">\n\t\t\t\t<div class=\"elementor-element elementor-element-e89e758 elementor-view-default elementor-invisible elementor-widget elementor-widget-icon\" data-id=\"e89e758\" data-element_type=\"widget\" data-e-type=\"widget\" data-settings=\"{&quot;_animation&quot;:&quot;tada&quot;}\" data-widget_type=\"icon.default\">\n\t\t\t\t<div class=\"elementor-widget-container\">\n\t\t\t\t\t\t\t<div class=\"elementor-icon-wrapper\">\n\t\t\t<div class=\"elementor-icon\">\n\t\t\t<i aria-hidden=\"true\" class=\"iconmindcastset- icon-mindcastset-userprice\"><\/i>\t\t\t<\/div>\n\t\t<\/div>\n\t\t\t\t\t\t<\/div>\n\t\t\t\t<\/div>\n\t\t\t\t<\/div>\n\t\t<div class=\"elementor-element elementor-element-a94ff09 e-flex e-con-boxed e-con e-child\" data-id=\"a94ff09\" data-element_type=\"container\" data-e-type=\"container\" data-settings=\"{&quot;jet_parallax_layout_list&quot;:[]}\">\n\t\t\t\t\t<div class=\"e-con-inner\">\n\t\t\t\t<div class=\"elementor-element elementor-element-424420c elementor-widget elementor-widget-heading\" data-id=\"424420c\" data-element_type=\"widget\" data-e-type=\"widget\" data-widget_type=\"heading.default\">\n\t\t\t\t<div class=\"elementor-widget-container\">\n\t\t\t\t\t<h2 class=\"elementor-heading-title elementor-size-default\">Digital marketing<\/h2>\t\t\t\t<\/div>\n\t\t\t\t<\/div>\n\t\t\t\t<div class=\"elementor-element elementor-element-d772213 elementor-widget elementor-widget-text-editor\" data-id=\"d772213\" data-element_type=\"widget\" data-e-type=\"widget\" data-widget_type=\"text-editor.default\">\n\t\t\t\t<div class=\"elementor-widget-container\">\n\t\t\t\t\t\t\t\t\t<p>Our team of digital marketing experts is driven by innovation and the incessant search for impactful results. We develop personalized strategies that adapt to the needs of each client, from startups eager to grow to established companies looking to maintain their online presence. Whatever your goal \u2013 <b>increase visibility, attract more leads or boost sales<\/b> \u2013 we have the knowledge and tools to achieve it. At <b>MindCast Agency<\/b>, we believe that every marketing clip can be a masterpiece.<\/p>\t\t\t\t\t\t\t\t<\/div>\n\t\t\t\t<\/div>\n\t\t\t\t\t<\/div>\n\t\t\t\t<\/div>\n\t\t\t\t\t<\/div>\n\t\t\t\t<\/div>\n\t\t\t\t\t<\/div>\n\t\t\t\t<\/div>\n\t\t<div class=\"elementor-element elementor-element-f37921a e-flex e-con-boxed e-con e-parent\" data-id=\"f37921a\" data-element_type=\"container\" data-e-type=\"container\" data-settings=\"{&quot;background_background&quot;:&quot;classic&quot;,&quot;jet_parallax_layout_list&quot;:[]}\">\n\t\t\t\t\t<div class=\"e-con-inner\">\n\t\t<div class=\"elementor-element elementor-element-4eeafdc e-flex e-con-boxed e-con e-child\" data-id=\"4eeafdc\" data-element_type=\"container\" data-e-type=\"container\" data-settings=\"{&quot;jet_parallax_layout_list&quot;:[]}\">\n\t\t\t\t\t<div class=\"e-con-inner\">\n\t\t<div class=\"elementor-element elementor-element-0982d88 e-con-full e-flex e-con e-child\" data-id=\"0982d88\" data-element_type=\"container\" data-e-type=\"container\" data-settings=\"{&quot;jet_parallax_layout_list&quot;:[]}\">\n\t\t\t\t<div class=\"elementor-element elementor-element-0579ee6 elementor-view-default elementor-invisible elementor-widget elementor-widget-icon\" data-id=\"0579ee6\" data-element_type=\"widget\" data-e-type=\"widget\" data-settings=\"{&quot;_animation&quot;:&quot;tada&quot;}\" data-widget_type=\"icon.default\">\n\t\t\t\t<div class=\"elementor-widget-container\">\n\t\t\t\t\t\t\t<div class=\"elementor-icon-wrapper\">\n\t\t\t<div class=\"elementor-icon\">\n\t\t\t<i aria-hidden=\"true\" class=\"iconmindcastset- icon-mindcastset-mindlight\"><\/i>\t\t\t<\/div>\n\t\t<\/div>\n\t\t\t\t\t\t<\/div>\n\t\t\t\t<\/div>\n\t\t\t\t<\/div>\n\t\t<div class=\"elementor-element elementor-element-bededb6 e-flex e-con-boxed e-con e-child\" data-id=\"bededb6\" data-element_type=\"container\" data-e-type=\"container\" data-settings=\"{&quot;jet_parallax_layout_list&quot;:[]}\">\n\t\t\t\t\t<div class=\"e-con-inner\">\n\t\t\t\t<div class=\"elementor-element elementor-element-9adc1f6 elementor-widget elementor-widget-heading\" data-id=\"9adc1f6\" data-element_type=\"widget\" data-e-type=\"widget\" data-widget_type=\"heading.default\">\n\t\t\t\t<div class=\"elementor-widget-container\">\n\t\t\t\t\t<h2 class=\"elementor-heading-title elementor-size-default\">Branding<\/h2>\t\t\t\t<\/div>\n\t\t\t\t<\/div>\n\t\t\t\t<div class=\"elementor-element elementor-element-68e9d38 elementor-widget elementor-widget-text-editor\" data-id=\"68e9d38\" data-element_type=\"widget\" data-e-type=\"widget\" data-widget_type=\"text-editor.default\">\n\t\t\t\t<div class=\"elementor-widget-container\">\n\t\t\t\t\t\t\t\t\t<p>A strong brand is the foundation of any successful business. Here in <b>MindCast Agency<\/b>, we are experts in building, revitalizing and reinventing brands. Our designers and strategists work closely to create captivating visual identities, compelling narratives, and an emotional connection with your audience. Don&#039;t settle for being just another company, become a brand that leaves a lasting impression on the minds of your customers. Let us help you tell your story in a memorable way.<\/p>\t\t\t\t\t\t\t\t<\/div>\n\t\t\t\t<\/div>\n\t\t\t\t\t<\/div>\n\t\t\t\t<\/div>\n\t\t\t\t\t<\/div>\n\t\t\t\t<\/div>\n\t\t\t\t\t<\/div>\n\t\t\t\t<\/div>\n\t\t<div class=\"elementor-element elementor-element-421e041 e-flex e-con-boxed e-con e-parent\" data-id=\"421e041\" data-element_type=\"container\" data-e-type=\"container\" data-settings=\"{&quot;background_background&quot;:&quot;classic&quot;,&quot;jet_parallax_layout_list&quot;:[]}\">\n\t\t\t\t\t<div class=\"e-con-inner\">\n\t\t<div class=\"elementor-element elementor-element-0d98021 e-flex e-con-boxed e-con e-child\" data-id=\"0d98021\" data-element_type=\"container\" data-e-type=\"container\" data-settings=\"{&quot;jet_parallax_layout_list&quot;:[]}\">\n\t\t\t\t\t<div class=\"e-con-inner\">\n\t\t<div class=\"elementor-element elementor-element-89faad8 e-con-full e-flex e-con e-child\" data-id=\"89faad8\" data-element_type=\"container\" data-e-type=\"container\" data-settings=\"{&quot;jet_parallax_layout_list&quot;:[]}\">\n\t\t\t\t<div class=\"elementor-element elementor-element-08bb3d1 elementor-view-default elementor-invisible elementor-widget elementor-widget-icon\" data-id=\"08bb3d1\" data-element_type=\"widget\" data-e-type=\"widget\" data-settings=\"{&quot;_animation&quot;:&quot;tada&quot;}\" data-widget_type=\"icon.default\">\n\t\t\t\t<div class=\"elementor-widget-container\">\n\t\t\t\t\t\t\t<div class=\"elementor-icon-wrapper\">\n\t\t\t<div class=\"elementor-icon\">\n\t\t\t<i aria-hidden=\"true\" class=\"iconmindcastset- icon-mindcastset-laptopm\"><\/i>\t\t\t<\/div>\n\t\t<\/div>\n\t\t\t\t\t\t<\/div>\n\t\t\t\t<\/div>\n\t\t\t\t<\/div>\n\t\t<div class=\"elementor-element elementor-element-d50766a e-flex e-con-boxed e-con e-child\" data-id=\"d50766a\" data-element_type=\"container\" data-e-type=\"container\" data-settings=\"{&quot;jet_parallax_layout_list&quot;:[]}\">\n\t\t\t\t\t<div class=\"e-con-inner\">\n\t\t\t\t<div class=\"elementor-element elementor-element-aa45b31 elementor-widget elementor-widget-heading\" data-id=\"aa45b31\" data-element_type=\"widget\" data-e-type=\"widget\" data-widget_type=\"heading.default\">\n\t\t\t\t<div class=\"elementor-widget-container\">\n\t\t\t\t\t<h2 class=\"elementor-heading-title elementor-size-default\">Web development<\/h2>\t\t\t\t<\/div>\n\t\t\t\t<\/div>\n\t\t\t\t<div class=\"elementor-element elementor-element-25d5cb2 elementor-widget elementor-widget-text-editor\" data-id=\"25d5cb2\" data-element_type=\"widget\" data-e-type=\"widget\" data-widget_type=\"text-editor.default\">\n\t\t\t\t<div class=\"elementor-widget-container\">\n\t\t\t\t\t\t\t\t\t<p>An online presence is essential these days. With our web development services, we create websites and applications that not only visually impress but also function effectively and efficiently. It doesn&#039;t matter if you need an institutional website, an online store or a complex platform \u2013 our technical team is ready to make your digital vision a reality. Navigate the waters of the internet with confidence, thanks to the experience of <b>MindCast Agency<\/b>.<\/p>\t\t\t\t\t\t\t\t<\/div>\n\t\t\t\t<\/div>\n\t\t\t\t\t<\/div>\n\t\t\t\t<\/div>\n\t\t\t\t\t<\/div>\n\t\t\t\t<\/div>\n\t\t\t\t\t<\/div>\n\t\t\t\t<\/div>\n\t\t<div class=\"elementor-element elementor-element-33af721 e-flex e-con-boxed e-con e-parent\" data-id=\"33af721\" data-element_type=\"container\" data-e-type=\"container\" data-settings=\"{&quot;background_background&quot;:&quot;classic&quot;,&quot;jet_parallax_layout_list&quot;:[]}\">\n\t\t\t\t\t<div class=\"e-con-inner\">\n\t\t<div class=\"elementor-element elementor-element-63d9c6b e-flex e-con-boxed e-con e-child\" data-id=\"63d9c6b\" data-element_type=\"container\" data-e-type=\"container\" data-settings=\"{&quot;jet_parallax_layout_list&quot;:[]}\">\n\t\t\t\t\t<div class=\"e-con-inner\">\n\t\t<div class=\"elementor-element elementor-element-379b9ec e-con-full e-flex e-con e-child\" data-id=\"379b9ec\" data-element_type=\"container\" data-e-type=\"container\" data-settings=\"{&quot;jet_parallax_layout_list&quot;:[]}\">\n\t\t\t\t<div class=\"elementor-element elementor-element-e0bc156 elementor-view-default elementor-invisible elementor-widget elementor-widget-icon\" data-id=\"e0bc156\" data-element_type=\"widget\" data-e-type=\"widget\" data-settings=\"{&quot;_animation&quot;:&quot;tada&quot;}\" data-widget_type=\"icon.default\">\n\t\t\t\t<div class=\"elementor-widget-container\">\n\t\t\t\t\t\t\t<div class=\"elementor-icon-wrapper\">\n\t\t\t<div class=\"elementor-icon\">\n\t\t\t<i aria-hidden=\"true\" class=\"iconmindcastset- icon-mindcastset-email\"><\/i>\t\t\t<\/div>\n\t\t<\/div>\n\t\t\t\t\t\t<\/div>\n\t\t\t\t<\/div>\n\t\t\t\t<\/div>\n\t\t<div class=\"elementor-element elementor-element-82e3c4a e-flex e-con-boxed e-con e-child\" data-id=\"82e3c4a\" data-element_type=\"container\" data-e-type=\"container\" data-settings=\"{&quot;jet_parallax_layout_list&quot;:[]}\">\n\t\t\t\t\t<div class=\"e-con-inner\">\n\t\t\t\t<div class=\"elementor-element elementor-element-eaa11d8 elementor-widget elementor-widget-heading\" data-id=\"eaa11d8\" data-element_type=\"widget\" data-e-type=\"widget\" data-widget_type=\"heading.default\">\n\t\t\t\t<div class=\"elementor-widget-container\">\n\t\t\t\t\t<h2 class=\"elementor-heading-title elementor-size-default\">Let&#039;s work together?<\/h2>\t\t\t\t<\/div>\n\t\t\t\t<\/div>\n\t\t\t\t<div class=\"elementor-element elementor-element-abc5aeb elementor-widget elementor-widget-text-editor\" data-id=\"abc5aeb\" data-element_type=\"widget\" data-e-type=\"widget\" data-widget_type=\"text-editor.default\">\n\t\t\t\t<div class=\"elementor-widget-container\">\n\t\t\t\t\t\t\t\t\t<p>At <b>MindCast Agency<\/b>, the future is promising, and our services are the path to success. Contact us today and find out how we can help your company. Together, we will transform your vision into a remarkable spectacle in the digital age. Your journey to success starts here.<\/p>\t\t\t\t\t\t\t\t<\/div>\n\t\t\t\t<\/div>\n\t\t\t\t<div class=\"elementor-element elementor-element-caee011 elementor-widget__width-auto elementor-mobile-align-justify elementor-align-left mindbutton elementor-widget elementor-widget-button\" data-id=\"caee011\" data-element_type=\"widget\" data-e-type=\"widget\" data-widget_type=\"button.default\">\n\t\t\t\t<div class=\"elementor-widget-container\">\n\t\t\t\t\t\t\t\t\t<div class=\"elementor-button-wrapper\">\n\t\t\t\t\t<a class=\"elementor-button elementor-button-link elementor-size-lg\" href=\"#elementor-action%3Aaction%3Dpopup%3Aopen%26settings%3DeyJpZCI6IjIzNDEiLCJ0b2dnbGUiOmZhbHNlfQ%3D%3D\">\n\t\t\t\t\t\t<span class=\"elementor-button-content-wrapper\">\n\t\t\t\t\t\t\t\t\t<span class=\"elementor-button-text\">Talk to MindCast.<\/span>\n\t\t\t\t\t<\/span>\n\t\t\t\t\t<\/a>\n\t\t\t\t<\/div>\n\t\t\t\t\t\t\t\t<\/div>\n\t\t\t\t<\/div>\n\t\t\t\t\t<\/div>\n\t\t\t\t<\/div>\n\t\t\t\t\t<\/div>\n\t\t\t\t<\/div>\n\t\t\t\t\t<\/div>\n\t\t\t\t<\/div>\n\t\t\t\t<\/div>","protected":false},"excerpt":{"rendered":"<p>Ag\u00eancia MindCast A Ag\u00eancia MindCast \u00e9 uma refer\u00eancia no mundo do Marketing Digital, Branding e Desenvolvimento Web. H\u00e1 anos no mercado, acumulamos uma s\u00f3lida experi\u00eancia e conquistamos a confian\u00e7a de nossos clientes. Somos apaixonados por transformar vis\u00f5es em realidade e elevar marcas a novos patamares. Marketing Digital Nossa equipe de especialistas em marketing digital \u00e9 [&hellip;]<\/p>\n","protected":false},"author":3,"featured_media":0,"parent":0,"menu_order":0,"comment_status":"closed","ping_status":"closed","template":"","meta":{"footnotes":""},"class_list":["post-83","page","type-page","status-publish","hentry"],"yoast_head":"<!-- This site is optimized with the Yoast SEO plugin v27.4 - https:\/\/yoast.com\/product\/yoast-seo-wordpress\/ -->\n<title>Quem Somos - Ag\u00eancia MindCast.<\/title>\n<meta name=\"robots\" content=\"index, follow, max-snippet:-1, max-image-preview:large, max-video-preview:-1\" \/>\n<link rel=\"canonical\" href=\"https:\/\/mindcast.com.br\/en\/quem-somos\/\" \/>\n<meta property=\"og:locale\" content=\"en_US\" \/>\n<meta property=\"og:type\" content=\"article\" \/>\n<meta property=\"og:title\" content=\"Quem Somos - Ag\u00eancia MindCast.\" \/>\n<meta property=\"og:description\" content=\"Ag\u00eancia MindCast A Ag\u00eancia MindCast \u00e9 uma refer\u00eancia no mundo do Marketing Digital, Branding e Desenvolvimento Web. H\u00e1 anos no mercado, acumulamos uma s\u00f3lida experi\u00eancia e conquistamos a confian\u00e7a de nossos clientes. Somos apaixonados por transformar vis\u00f5es em realidade e elevar marcas a novos patamares. Marketing Digital Nossa equipe de especialistas em marketing digital \u00e9 [&hellip;]\" \/>\n<meta property=\"og:url\" content=\"https:\/\/mindcast.com.br\/en\/quem-somos\/\" \/>\n<meta property=\"og:site_name\" content=\"Ag\u00eancia MindCast.\" \/>\n<meta property=\"article:publisher\" content=\"https:\/\/www.facebook.com\/mindcastagency\" \/>\n<meta property=\"article:modified_time\" content=\"2024-07-27T17:27:48+00:00\" \/>\n<meta property=\"og:image\" content=\"https:\/\/mindcast.com.br\/wp-content\/uploads\/2023\/10\/LightArrow.svg\" \/>\n<meta name=\"twitter:card\" content=\"summary_large_image\" \/>\n<meta name=\"twitter:label1\" content=\"Est. reading time\" \/>\n\t<meta name=\"twitter:data1\" content=\"2 minutes\" \/>\n<script type=\"application\/ld+json\" class=\"yoast-schema-graph\">{\"@context\":\"https:\\\/\\\/schema.org\",\"@graph\":[{\"@type\":\"WebPage\",\"@id\":\"https:\\\/\\\/mindcast.com.br\\\/quem-somos\\\/\",\"url\":\"https:\\\/\\\/mindcast.com.br\\\/quem-somos\\\/\",\"name\":\"Quem Somos - Ag\u00eancia MindCast.\",\"isPartOf\":{\"@id\":\"https:\\\/\\\/mindcast.com.br\\\/#website\"},\"primaryImageOfPage\":{\"@id\":\"https:\\\/\\\/mindcast.com.br\\\/quem-somos\\\/#primaryimage\"},\"image\":{\"@id\":\"https:\\\/\\\/mindcast.com.br\\\/quem-somos\\\/#primaryimage\"},\"thumbnailUrl\":\"https:\\\/\\\/mindcast.com.br\\\/wp-content\\\/uploads\\\/2023\\\/10\\\/LightArrow.svg\",\"datePublished\":\"2023-09-23T20:16:10+00:00\",\"dateModified\":\"2024-07-27T17:27:48+00:00\",\"inLanguage\":\"en-US\",\"potentialAction\":[{\"@type\":\"ReadAction\",\"target\":[\"https:\\\/\\\/mindcast.com.br\\\/quem-somos\\\/\"]}]},{\"@type\":\"ImageObject\",\"inLanguage\":\"en-US\",\"@id\":\"https:\\\/\\\/mindcast.com.br\\\/quem-somos\\\/#primaryimage\",\"url\":\"https:\\\/\\\/mindcast.com.br\\\/wp-content\\\/uploads\\\/2023\\\/10\\\/LightArrow.svg\",\"contentUrl\":\"https:\\\/\\\/mindcast.com.br\\\/wp-content\\\/uploads\\\/2023\\\/10\\\/LightArrow.svg\"},{\"@type\":\"WebSite\",\"@id\":\"https:\\\/\\\/mindcast.com.br\\\/#website\",\"url\":\"https:\\\/\\\/mindcast.com.br\\\/\",\"name\":\"Ag\u00eancia MindCast.\",\"description\":\"Marketing Digital | Branding | WebDev\",\"publisher\":{\"@id\":\"https:\\\/\\\/mindcast.com.br\\\/#organization\"},\"potentialAction\":[{\"@type\":\"SearchAction\",\"target\":{\"@type\":\"EntryPoint\",\"urlTemplate\":\"https:\\\/\\\/mindcast.com.br\\\/?s={search_term_string}\"},\"query-input\":{\"@type\":\"PropertyValueSpecification\",\"valueRequired\":true,\"valueName\":\"search_term_string\"}}],\"inLanguage\":\"en-US\"},{\"@type\":\"Organization\",\"@id\":\"https:\\\/\\\/mindcast.com.br\\\/#organization\",\"name\":\"Ag\u00eancia MindCast.\",\"url\":\"https:\\\/\\\/mindcast.com.br\\\/\",\"logo\":{\"@type\":\"ImageObject\",\"inLanguage\":\"en-US\",\"@id\":\"https:\\\/\\\/mindcast.com.br\\\/#\\\/schema\\\/logo\\\/image\\\/\",\"url\":\"https:\\\/\\\/mindcast.com.br\\\/wp-content\\\/uploads\\\/2023\\\/10\\\/mindcast.jpg\",\"contentUrl\":\"https:\\\/\\\/mindcast.com.br\\\/wp-content\\\/uploads\\\/2023\\\/10\\\/mindcast.jpg\",\"width\":1440,\"height\":900,\"caption\":\"Ag\u00eancia MindCast.\"},\"image\":{\"@id\":\"https:\\\/\\\/mindcast.com.br\\\/#\\\/schema\\\/logo\\\/image\\\/\"},\"sameAs\":[\"https:\\\/\\\/www.facebook.com\\\/mindcastagency\"]}]}<\/script>\n<!-- \/ Yoast SEO plugin. -->","yoast_head_json":{"title":"Who We Are - MindCast Agency.","robots":{"index":"index","follow":"follow","max-snippet":"max-snippet:-1","max-image-preview":"max-image-preview:large","max-video-preview":"max-video-preview:-1"},"canonical":"https:\/\/mindcast.com.br\/en\/quem-somos\/","og_locale":"en_US","og_type":"article","og_title":"Quem Somos - Ag\u00eancia MindCast.","og_description":"Ag\u00eancia MindCast A Ag\u00eancia MindCast \u00e9 uma refer\u00eancia no mundo do Marketing Digital, Branding e Desenvolvimento Web. H\u00e1 anos no mercado, acumulamos uma s\u00f3lida experi\u00eancia e conquistamos a confian\u00e7a de nossos clientes. Somos apaixonados por transformar vis\u00f5es em realidade e elevar marcas a novos patamares. Marketing Digital Nossa equipe de especialistas em marketing digital \u00e9 [&hellip;]","og_url":"https:\/\/mindcast.com.br\/en\/quem-somos\/","og_site_name":"Ag\u00eancia MindCast.","article_publisher":"https:\/\/www.facebook.com\/mindcastagency","article_modified_time":"2024-07-27T17:27:48+00:00","og_image":[{"url":"https:\/\/mindcast.com.br\/wp-content\/uploads\/2023\/10\/LightArrow.svg","type":"","width":"","height":""}],"twitter_card":"summary_large_image","twitter_misc":{"Est. reading time":"2 minutes"},"schema":{"@context":"https:\/\/schema.org","@graph":[{"@type":"WebPage","@id":"https:\/\/mindcast.com.br\/quem-somos\/","url":"https:\/\/mindcast.com.br\/quem-somos\/","name":"Who We Are - MindCast Agency.","isPartOf":{"@id":"https:\/\/mindcast.com.br\/#website"},"primaryImageOfPage":{"@id":"https:\/\/mindcast.com.br\/quem-somos\/#primaryimage"},"image":{"@id":"https:\/\/mindcast.com.br\/quem-somos\/#primaryimage"},"thumbnailUrl":"https:\/\/mindcast.com.br\/wp-content\/uploads\/2023\/10\/LightArrow.svg","datePublished":"2023-09-23T20:16:10+00:00","dateModified":"2024-07-27T17:27:48+00:00","inLanguage":"en-US","potentialAction":[{"@type":"ReadAction","target":["https:\/\/mindcast.com.br\/quem-somos\/"]}]},{"@type":"ImageObject","inLanguage":"en-US","@id":"https:\/\/mindcast.com.br\/quem-somos\/#primaryimage","url":"https:\/\/mindcast.com.br\/wp-content\/uploads\/2023\/10\/LightArrow.svg","contentUrl":"https:\/\/mindcast.com.br\/wp-content\/uploads\/2023\/10\/LightArrow.svg"},{"@type":"WebSite","@id":"https:\/\/mindcast.com.br\/#website","url":"https:\/\/mindcast.com.br\/","name":"MindCast Agency.","description":"Digital Marketing | Branding | WebDev","publisher":{"@id":"https:\/\/mindcast.com.br\/#organization"},"potentialAction":[{"@type":"SearchAction","target":{"@type":"EntryPoint","urlTemplate":"https:\/\/mindcast.com.br\/?s={search_term_string}"},"query-input":{"@type":"PropertyValueSpecification","valueRequired":true,"valueName":"search_term_string"}}],"inLanguage":"en-US"},{"@type":"Organization","@id":"https:\/\/mindcast.com.br\/#organization","name":"MindCast Agency.","url":"https:\/\/mindcast.com.br\/","logo":{"@type":"ImageObject","inLanguage":"en-US","@id":"https:\/\/mindcast.com.br\/#\/schema\/logo\/image\/","url":"https:\/\/mindcast.com.br\/wp-content\/uploads\/2023\/10\/mindcast.jpg","contentUrl":"https:\/\/mindcast.com.br\/wp-content\/uploads\/2023\/10\/mindcast.jpg","width":1440,"height":900,"caption":"Ag\u00eancia MindCast."},"image":{"@id":"https:\/\/mindcast.com.br\/#\/schema\/logo\/image\/"},"sameAs":["https:\/\/www.facebook.com\/mindcastagency"]}]}},"_links":{"self":[{"href":"https:\/\/mindcast.com.br\/en\/wp-json\/wp\/v2\/pages\/83","targetHints":{"allow":["GET"]}}],"collection":[{"href":"https:\/\/mindcast.com.br\/en\/wp-json\/wp\/v2\/pages"}],"about":[{"href":"https:\/\/mindcast.com.br\/en\/wp-json\/wp\/v2\/types\/page"}],"author":[{"embeddable":true,"href":"https:\/\/mindcast.com.br\/en\/wp-json\/wp\/v2\/users\/3"}],"replies":[{"embeddable":true,"href":"https:\/\/mindcast.com.br\/en\/wp-json\/wp\/v2\/comments?post=83"}],"version-history":[{"count":0,"href":"https:\/\/mindcast.com.br\/en\/wp-json\/wp\/v2\/pages\/83\/revisions"}],"wp:attachment":[{"href":"https:\/\/mindcast.com.br\/en\/wp-json\/wp\/v2\/media?parent=83"}],"curies":[{"name":"wp","href":"https:\/\/api.w.org\/{rel}","templated":true}]}}